{"id":141,"date":"2025-05-02T02:05:17","date_gmt":"2025-05-02T02:05:17","guid":{"rendered":"https:\/\/centrofrednewman.org\/?page_id=141"},"modified":"2025-05-02T02:58:08","modified_gmt":"2025-05-02T02:58:08","slug":"talleres-y-cursos","status":"publish","type":"page","link":"https:\/\/centrofrednewman.org\/index.php\/talleres-y-cursos\/","title":{"rendered":"Talleres y Cursos"},"content":{"rendered":"\n<p class=\"wp-block-paragraph\">Dise\u00f1amos experiencias de aprendizaje para educadores, equipos y organizaciones basadas en la idea de que el crecimiento y la efectividad colectiva surgen del \u00abhacer\u00bb juntos. Aplicamos principios socioterap\u00e9uticos en donde la actividad y la interacci\u00f3n relacional son el motor.&nbsp;<\/p>\n\n\n\n<p class=\"wp-block-paragraph\">Nuestros programas de capacitaci\u00f3n se basan en una pr\u00e1ctica radical que cuestiona las nociones tradicionales de la psicolog\u00eda y el \u00abyo\u00bb aislado. La terapia no es interpretaci\u00f3n individual, sino la creaci\u00f3n de algo nuevo a trav\u00e9s de la actividad colectiva. Entendemos el grupo como la unidad de desarrollo, y el trabajo terap\u00e9utico y\/o de aprendizaje consiste en crear la ZDP del grupo, un entorno donde los participantes pueden \u00abactuar por encima de su nivel\u00bb y ejercitar su capacidad de performance, transformando su socialidad. Es un proceso que se parece m\u00e1s a escribir una canci\u00f3n o dirigir una obra de teatro colectiva que a la terapia conversacional tradicional<\/p>\n\n\n\n<p class=\"wp-block-paragraph\">A trav\u00e9s de ejercicios de performance, improvisaci\u00f3n y creaci\u00f3n colectiva, adaptados a las necesidades espec\u00edficas de cada grupo, desafiamos los modelos de trabajo individualistas y facilitamos que los participantes practiquen nuevas formas de relacionarse, colaborar y construir un futuro compartido. Nos enfocamos en la creatividad del grupo como totalidad.<\/p>\n\n\n\n<hr class=\"wp-block-coblocks-dynamic-separator\" style=\"height:50px\"\/>\n\n\n<ul class=\"wp-block-kadence-posts kb-posts kadence-posts-list kb-posts-id-141_f07909-98 content-wrap grid-cols kb-posts-style-boxed grid-sm-col-1 grid-lg-col-1 item-image-style-beside\"><li class=\"kb-post-list-item\">\n\t<article class=\"entry content-bg loop-entry post-154 post type-post status-publish format-standard has-post-thumbnail hentry category-talleres\">\n\t\t\t\t<a aria-hidden=\"true\" tabindex=\"-1\" role=\"presentation\" class=\"post-thumbnail kadence-thumbnail-ratio-2-3\" href=\"https:\/\/centrofrednewman.org\/index.php\/2025\/05\/02\/improvisacion-al-servicio-de-la-educacion-stem-taller-con-cei4-0-en-ciudad-juarez\/\" aria-label=\"Improvisaci\u00f3n al Servicio de la Educaci\u00f3n STEM: Taller con CEI4.0 en Ciudad Ju\u00e1rez\">\n\t\t\t<div class=\"post-thumbnail-inner\">\n\t\t\t\t<img loading=\"lazy\" decoding=\"async\" width=\"768\" height=\"768\" src=\"https:\/\/centrofrednewman.org\/wp-content\/uploads\/2025\/05\/IMG_20250423_1316292-768x768.jpg\" class=\"attachment-medium_large size-medium_large wp-post-image\" alt=\"Improvisaci\u00f3n al Servicio de la Educaci\u00f3n STEM: Taller con CEI4.0 en Ciudad Ju\u00e1rez\" srcset=\"https:\/\/centrofrednewman.org\/wp-content\/uploads\/2025\/05\/IMG_20250423_1316292-768x768.jpg 768w, https:\/\/centrofrednewman.org\/wp-content\/uploads\/2025\/05\/IMG_20250423_1316292-300x300.jpg 300w, https:\/\/centrofrednewman.org\/wp-content\/uploads\/2025\/05\/IMG_20250423_1316292-1024x1024.jpg 1024w, https:\/\/centrofrednewman.org\/wp-content\/uploads\/2025\/05\/IMG_20250423_1316292-150x150.jpg 150w, https:\/\/centrofrednewman.org\/wp-content\/uploads\/2025\/05\/IMG_20250423_1316292-1536x1536.jpg 1536w, https:\/\/centrofrednewman.org\/wp-content\/uploads\/2025\/05\/IMG_20250423_1316292-2048x2048.jpg 2048w\" sizes=\"auto, (max-width: 768px) 100vw, 768px\" \/>\t\t\t<\/div>\n\t\t<\/a><!-- .post-thumbnail -->\n\t\t\t\t<div class=\"entry-content-wrap\">\n\t\t\t<header class=\"entry-header\">\n\t\t<div class=\"entry-taxonomies\">\n\t\t<span class=\"category-links term-links category-style-normal\">\n\t\t\t<a href=\"https:\/\/centrofrednewman.org\/index.php\/category\/capacitacion\/talleres\/\" rel=\"category tag\">Talleres<\/a>\t\t<\/span>\n\t<\/div><!-- .entry-taxonomies -->\n\t<h2 class=\"entry-title\"><a href=\"https:\/\/centrofrednewman.org\/index.php\/2025\/05\/02\/improvisacion-al-servicio-de-la-educacion-stem-taller-con-cei4-0-en-ciudad-juarez\/\" rel=\"bookmark\">Improvisaci\u00f3n al Servicio de la Educaci\u00f3n STEM: Taller con CEI4.0 en Ciudad Ju\u00e1rez<\/a><\/h2>\t<div class=\"entry-meta entry-meta-divider-dot\">\n\t<span class=\"posted-by\"><span class=\"meta-label\">Por<\/span><span class=\"author vcard\"><span class=\"fn n\">Miguel<\/span><\/span><\/span>\t\t\t<span class=\"posted-on\">\n\t\t\t\t<time class=\"entry-date published\" datetime=\"2025-05-02T02:49:18-06:00\">mayo 2, 2025<\/time><time class=\"updated\" datetime=\"2025-05-01T21:13:22-06:00\">mayo 1, 2025<\/time>\t\t\t<\/span>\n\t\t\t\t<\/div><!-- .entry-meta -->\n\t<\/header><!-- .entry-header -->\n\t<div class=\"entry-summary\">\n\t\t<p>El pasado martes 23 de abril tuve el gran honor y el gusto de colaborar con el Centro de Estudios Industria 4.0 (CEI4.0)<\/p>\n\t<\/div><!-- .entry-summary -->\n\t<footer class=\"entry-footer\">\n\t\t\t<div class=\"entry-actions\">\n\t\t\t<p class=\"more-link-wrap\">\n\t\t\t\t<a href=\"https:\/\/centrofrednewman.org\/index.php\/2025\/05\/02\/improvisacion-al-servicio-de-la-educacion-stem-taller-con-cei4-0-en-ciudad-juarez\/\" class=\"post-more-link\">\n\t\t\t\t\tLeer m\u00e1s<span class=\"screen-reader-text\"> Improvisaci\u00f3n al Servicio de la Educaci\u00f3n STEM: Taller con CEI4.0 en Ciudad Ju\u00e1rez<\/span><span class=\"kadence-svg-iconset svg-baseline\"><svg aria-hidden=\"true\" class=\"kadence-svg-icon kadence-arrow-right-alt-svg\" fill=\"currentColor\" version=\"1.1\" xmlns=\"http:\/\/www.w3.org\/2000\/svg\" width=\"27\" height=\"28\" viewBox=\"0 0 27 28\"><title>Continuar<\/title><path d=\"M27 13.953c0 0.141-0.063 0.281-0.156 0.375l-6 5.531c-0.156 0.141-0.359 0.172-0.547 0.094-0.172-0.078-0.297-0.25-0.297-0.453v-3.5h-19.5c-0.281 0-0.5-0.219-0.5-0.5v-3c0-0.281 0.219-0.5 0.5-0.5h19.5v-3.5c0-0.203 0.109-0.375 0.297-0.453s0.391-0.047 0.547 0.078l6 5.469c0.094 0.094 0.156 0.219 0.156 0.359v0z\"><\/path>\n\t\t\t<\/svg><\/span>\t\t\t\t<\/a>\n\t\t\t<\/p>\n\t\t<\/div><!-- .entry-actions -->\n\t\t<\/footer><!-- .entry-footer -->\t\t<\/div>\n\t<\/article>\n<\/li>\n<\/ul>\n\n\n<p class=\"wp-block-paragraph\"><\/p>\n","protected":false},"excerpt":{"rendered":"<p>Dise\u00f1amos experiencias de aprendizaje para educadores, equipos y organizaciones basadas en la idea de que el crecimiento y la efectividad colectiva surgen del \u00abhacer\u00bb juntos. Aplicamos principios socioterap\u00e9uticos en donde la actividad y la interacci\u00f3n relacional son el motor.&nbsp; Nuestros programas de capacitaci\u00f3n se basan en una pr\u00e1ctica radical que cuestiona las nociones tradicionales de [&hellip;]<\/p>\n","protected":false},"author":1,"featured_media":0,"parent":0,"menu_order":0,"comment_status":"closed","ping_status":"closed","template":"","meta":{"_coblocks_attr":"","_coblocks_dimensions":"","_coblocks_responsive_height":"","_coblocks_accordion_ie_support":"","_crdt_document":"","_uag_custom_page_level_css":"","_monsterinsights_skip_tracking":false,"_monsterinsights_sitenote_active":false,"_monsterinsights_sitenote_note":"","_monsterinsights_sitenote_category":0,"_themeisle_gutenberg_block_has_review":false,"footnotes":""},"class_list":["post-141","page","type-page","status-publish","hentry"],"uagb_featured_image_src":{"full":false,"thumbnail":false,"medium":false,"medium_large":false,"large":false,"1536x1536":false,"2048x2048":false},"uagb_author_info":{"display_name":"Miguel","author_link":"https:\/\/centrofrednewman.org\/author\/mecortesv\/"},"uagb_comment_info":0,"uagb_excerpt":"Dise\u00f1amos experiencias de aprendizaje para educadores, equipos y organizaciones basadas en la idea de que el crecimiento y la efectividad colectiva surgen del \u00abhacer\u00bb juntos. Aplicamos principios socioterap\u00e9uticos en donde la actividad y la interacci\u00f3n relacional son el motor.&nbsp; Nuestros programas de capacitaci\u00f3n se basan en una pr\u00e1ctica radical que cuestiona las nociones tradicionales de&hellip;","_links":{"self":[{"href":"https:\/\/centrofrednewman.org\/index.php\/wp-json\/wp\/v2\/pages\/141","targetHints":{"allow":["GET"]}}],"collection":[{"href":"https:\/\/centrofrednewman.org\/index.php\/wp-json\/wp\/v2\/pages"}],"about":[{"href":"https:\/\/centrofrednewman.org\/index.php\/wp-json\/wp\/v2\/types\/page"}],"author":[{"embeddable":true,"href":"https:\/\/centrofrednewman.org\/index.php\/wp-json\/wp\/v2\/users\/1"}],"replies":[{"embeddable":true,"href":"https:\/\/centrofrednewman.org\/index.php\/wp-json\/wp\/v2\/comments?post=141"}],"version-history":[{"count":6,"href":"https:\/\/centrofrednewman.org\/index.php\/wp-json\/wp\/v2\/pages\/141\/revisions"}],"predecessor-version":[{"id":157,"href":"https:\/\/centrofrednewman.org\/index.php\/wp-json\/wp\/v2\/pages\/141\/revisions\/157"}],"wp:attachment":[{"href":"https:\/\/centrofrednewman.org\/index.php\/wp-json\/wp\/v2\/media?parent=141"}],"curies":[{"name":"wp","href":"https:\/\/api.w.org\/{rel}","templated":true}]}}